{"id":834,"date":"2025-07-21T14:24:57","date_gmt":"2025-07-21T14:24:57","guid":{"rendered":"https:\/\/gazebo-ist.com\/?post_type=product&#038;p=834"},"modified":"2025-09-05T13:07:47","modified_gmt":"2025-09-05T13:07:47","slug":"ithal-peynir-tabagi","status":"publish","type":"product","link":"https:\/\/gazebo-ist.com\/en\/product\/ithal-peynir-tabagi\/","title":{"rendered":"Imported Cheese Platter"},"content":{"rendered":"<p>Danish Blue, Brie, Emmantel, Edam,Parmesan, Pecorino, Ankara \u00c7ubuk Tur\u015fusu, \u0130ncir P\u00fcresi, Parmesanl\u0131 Grissini &#038;; Parmesanl\u0131 Kraker, \u00a0Zeytin \u00c7e\u015fitleri, Siyah \u00dcz\u00fcm \u0130le<\/p>","protected":false},"excerpt":{"rendered":"<p>Danish Blue, Brie, Emmantel, Edam,Parmesan, Pecorino, Ankara \u00c7ubuk Tur\u015fusu, \u0130ncir P\u00fcresi, Parmesanl\u0131 Grissini &#038;; Parmesanl\u0131 Kraker, \u00a0Zeytin \u00c7e\u015fitleri, Siyah \u00dcz\u00fcm \u0130le<\/p>","protected":false},"featured_media":0,"comment_status":"open","ping_status":"closed","template":"","meta":{"_acf_changed":false,"hide_page_title":""},"product_brand":[],"product_cat":[44],"product_tag":[],"class_list":{"0":"post-834","1":"product","2":"type-product","3":"status-publish","5":"product_cat-baslangiclar","7":"first","8":"instock","9":"shipping-taxable","10":"purchasable","11":"product-type-simple"},"acf":[],"_links":{"self":[{"href":"https:\/\/gazebo-ist.com\/en\/wp-json\/wp\/v2\/product\/834","targetHints":{"allow":["GET"]}}],"collection":[{"href":"https:\/\/gazebo-ist.com\/en\/wp-json\/wp\/v2\/product"}],"about":[{"href":"https:\/\/gazebo-ist.com\/en\/wp-json\/wp\/v2\/types\/product"}],"replies":[{"embeddable":true,"href":"https:\/\/gazebo-ist.com\/en\/wp-json\/wp\/v2\/comments?post=834"}],"wp:attachment":[{"href":"https:\/\/gazebo-ist.com\/en\/wp-json\/wp\/v2\/media?parent=834"}],"wp:term":[{"taxonomy":"product_brand","embeddable":true,"href":"https:\/\/gazebo-ist.com\/en\/wp-json\/wp\/v2\/product_brand?post=834"},{"taxonomy":"product_cat","embeddable":true,"href":"https:\/\/gazebo-ist.com\/en\/wp-json\/wp\/v2\/product_cat?post=834"},{"taxonomy":"product_tag","embeddable":true,"href":"https:\/\/gazebo-ist.com\/en\/wp-json\/wp\/v2\/product_tag?post=834"}],"curies":[{"name":"wp","href":"https:\/\/api.w.org\/{rel}","templated":true}]}}