{"id":825,"date":"2025-07-21T14:22:14","date_gmt":"2025-07-21T14:22:14","guid":{"rendered":"https:\/\/gazebo-ist.com\/?post_type=product&#038;p=825"},"modified":"2026-01-30T16:24:04","modified_gmt":"2026-01-30T16:24:04","slug":"profiterol-pasta","status":"publish","type":"product","link":"https:\/\/gazebo-ist.com\/en\/product\/profiterol-pasta\/","title":{"rendered":"Profiterole Cake"},"content":{"rendered":"<p>lease ask our staff for details.<\/p>\n<p>Our Prices Include VAT.<br \/>\nThe products in our menu may contain allergens, please get information from our service team for your special cases.<\/p>","protected":false},"excerpt":{"rendered":"<p>L\u00fctfen Servis Personelimizden Bilgi Al\u0131n\u0131z.. Fiyatlar\u0131m\u0131za KDV Dahildir. Men\u00fcm\u00fczde Yer Alan \u00dcr\u00fcnler Alerjen Maddeler \u0130\u00e7erebilir, \u00d6zel Durumlar\u0131n\u0131z \u0130\u00e7in Servis Ekibimizden L\u00fctfen Bilgi Al\u0131n\u0131z.<\/p>","protected":false},"featured_media":0,"comment_status":"open","ping_status":"closed","template":"","meta":{"_acf_changed":false,"hide_page_title":""},"product_brand":[],"product_cat":[49],"product_tag":[],"class_list":{"0":"post-825","1":"product","2":"type-product","3":"status-publish","5":"product_cat-tatli","7":"first","8":"instock","9":"shipping-taxable","10":"purchasable","11":"product-type-simple"},"acf":[],"_links":{"self":[{"href":"https:\/\/gazebo-ist.com\/en\/wp-json\/wp\/v2\/product\/825","targetHints":{"allow":["GET"]}}],"collection":[{"href":"https:\/\/gazebo-ist.com\/en\/wp-json\/wp\/v2\/product"}],"about":[{"href":"https:\/\/gazebo-ist.com\/en\/wp-json\/wp\/v2\/types\/product"}],"replies":[{"embeddable":true,"href":"https:\/\/gazebo-ist.com\/en\/wp-json\/wp\/v2\/comments?post=825"}],"wp:attachment":[{"href":"https:\/\/gazebo-ist.com\/en\/wp-json\/wp\/v2\/media?parent=825"}],"wp:term":[{"taxonomy":"product_brand","embeddable":true,"href":"https:\/\/gazebo-ist.com\/en\/wp-json\/wp\/v2\/product_brand?post=825"},{"taxonomy":"product_cat","embeddable":true,"href":"https:\/\/gazebo-ist.com\/en\/wp-json\/wp\/v2\/product_cat?post=825"},{"taxonomy":"product_tag","embeddable":true,"href":"https:\/\/gazebo-ist.com\/en\/wp-json\/wp\/v2\/product_tag?post=825"}],"curies":[{"name":"wp","href":"https:\/\/api.w.org\/{rel}","templated":true}]}}