{"id":806,"date":"2025-07-21T14:19:02","date_gmt":"2025-07-21T14:19:02","guid":{"rendered":"https:\/\/gazebo-ist.com\/?post_type=product&#038;p=806"},"modified":"2026-04-21T19:37:21","modified_gmt":"2026-04-21T19:37:21","slug":"kalamar","status":"publish","type":"product","link":"https:\/\/gazebo-ist.com\/en\/product\/kalamar\/","title":{"rendered":"Calamari"},"content":{"rendered":"<p>with tarator sauce<\/p>\n<p>\nOur Prices Include VAT.<br \/>\nThe products in our menu may contain allergens, please get information from our service team for your special cases. <\/p>","protected":false},"excerpt":{"rendered":"<p>Tarator Sos \u0130le Fiyatlar\u0131m\u0131za KDV Dahildir. Men\u00fcm\u00fczde Yer Alan \u00dcr\u00fcnler Alerjen Maddeler \u0130\u00e7erebilir, \u00d6zel Durumlar\u0131n\u0131z \u0130\u00e7in Servis Ekibimizden L\u00fctfen Bilgi Al\u0131n\u0131z.<\/p>","protected":false},"featured_media":0,"comment_status":"open","ping_status":"closed","template":"","meta":{"_acf_changed":false,"hide_page_title":""},"product_brand":[],"product_cat":[44],"product_tag":[],"class_list":{"0":"post-806","1":"product","2":"type-product","3":"status-publish","5":"product_cat-baslangiclar","7":"first","8":"instock","9":"shipping-taxable","10":"purchasable","11":"product-type-simple"},"acf":[],"_links":{"self":[{"href":"https:\/\/gazebo-ist.com\/en\/wp-json\/wp\/v2\/product\/806","targetHints":{"allow":["GET"]}}],"collection":[{"href":"https:\/\/gazebo-ist.com\/en\/wp-json\/wp\/v2\/product"}],"about":[{"href":"https:\/\/gazebo-ist.com\/en\/wp-json\/wp\/v2\/types\/product"}],"replies":[{"embeddable":true,"href":"https:\/\/gazebo-ist.com\/en\/wp-json\/wp\/v2\/comments?post=806"}],"wp:attachment":[{"href":"https:\/\/gazebo-ist.com\/en\/wp-json\/wp\/v2\/media?parent=806"}],"wp:term":[{"taxonomy":"product_brand","embeddable":true,"href":"https:\/\/gazebo-ist.com\/en\/wp-json\/wp\/v2\/product_brand?post=806"},{"taxonomy":"product_cat","embeddable":true,"href":"https:\/\/gazebo-ist.com\/en\/wp-json\/wp\/v2\/product_cat?post=806"},{"taxonomy":"product_tag","embeddable":true,"href":"https:\/\/gazebo-ist.com\/en\/wp-json\/wp\/v2\/product_tag?post=806"}],"curies":[{"name":"wp","href":"https:\/\/api.w.org\/{rel}","templated":true}]}}