{"id":674,"date":"2025-07-21T13:52:42","date_gmt":"2025-07-21T13:52:42","guid":{"rendered":"https:\/\/gazebo-ist.com\/?post_type=product&#038;p=674"},"modified":"2026-04-21T17:20:18","modified_gmt":"2026-04-21T17:20:18","slug":"kinoa-somon-fume-salatasi","status":"publish","type":"product","link":"https:\/\/gazebo-ist.com\/en\/product\/kinoa-somon-fume-salatasi\/","title":{"rendered":"Roka &#038; Domates Salatas\u0131"},"content":{"rendered":"<p>\u0130nce K\u0131y\u0131m Roka &amp; Domates &amp; Beyaz Peynir \u0130le<\/p>","protected":false},"excerpt":{"rendered":"<p>\u0130nce K\u0131y\u0131m Roka &amp; Domates &amp; Beyaz Peynir \u0130le<\/p>","protected":false},"featured_media":0,"comment_status":"open","ping_status":"closed","template":"","meta":{"_acf_changed":false,"hide_page_title":""},"product_brand":[],"product_cat":[46],"product_tag":[],"class_list":{"0":"post-674","1":"product","2":"type-product","3":"status-publish","5":"product_cat-salatalar","7":"first","8":"instock","9":"shipping-taxable","10":"purchasable","11":"product-type-simple"},"acf":[],"_links":{"self":[{"href":"https:\/\/gazebo-ist.com\/en\/wp-json\/wp\/v2\/product\/674","targetHints":{"allow":["GET"]}}],"collection":[{"href":"https:\/\/gazebo-ist.com\/en\/wp-json\/wp\/v2\/product"}],"about":[{"href":"https:\/\/gazebo-ist.com\/en\/wp-json\/wp\/v2\/types\/product"}],"replies":[{"embeddable":true,"href":"https:\/\/gazebo-ist.com\/en\/wp-json\/wp\/v2\/comments?post=674"}],"wp:attachment":[{"href":"https:\/\/gazebo-ist.com\/en\/wp-json\/wp\/v2\/media?parent=674"}],"wp:term":[{"taxonomy":"product_brand","embeddable":true,"href":"https:\/\/gazebo-ist.com\/en\/wp-json\/wp\/v2\/product_brand?post=674"},{"taxonomy":"product_cat","embeddable":true,"href":"https:\/\/gazebo-ist.com\/en\/wp-json\/wp\/v2\/product_cat?post=674"},{"taxonomy":"product_tag","embeddable":true,"href":"https:\/\/gazebo-ist.com\/en\/wp-json\/wp\/v2\/product_tag?post=674"}],"curies":[{"name":"wp","href":"https:\/\/api.w.org\/{rel}","templated":true}]}}