{"id":591,"date":"2025-07-21T13:39:09","date_gmt":"2025-07-21T13:39:09","guid":{"rendered":"https:\/\/gazebo-ist.com\/?post_type=product&#038;p=591"},"modified":"2026-04-21T19:38:59","modified_gmt":"2026-04-21T19:38:59","slug":"cafe-de-paris-soslu-bonfile","status":"publish","type":"product","link":"https:\/\/gazebo-ist.com\/en\/product\/cafe-de-paris-soslu-bonfile\/","title":{"rendered":"Beef Tenderloin with Caf\u00e9 de Paris Sauce"},"content":{"rendered":"<p>Cevizli Hardal Soslu Marul Salatas\u0131 &amp; French Fries \u0130le<\/p>","protected":false},"excerpt":{"rendered":"<p>Cevizli Hardal Soslu Marul Salatas\u0131 &amp; French Fries \u0130le<\/p>","protected":false},"featured_media":0,"comment_status":"open","ping_status":"closed","template":"","meta":{"_acf_changed":false,"hide_page_title":""},"product_brand":[],"product_cat":[48],"product_tag":[],"class_list":{"0":"post-591","1":"product","2":"type-product","3":"status-publish","5":"product_cat-ana-yemekler","7":"first","8":"instock","9":"shipping-taxable","10":"purchasable","11":"product-type-simple"},"acf":[],"_links":{"self":[{"href":"https:\/\/gazebo-ist.com\/en\/wp-json\/wp\/v2\/product\/591","targetHints":{"allow":["GET"]}}],"collection":[{"href":"https:\/\/gazebo-ist.com\/en\/wp-json\/wp\/v2\/product"}],"about":[{"href":"https:\/\/gazebo-ist.com\/en\/wp-json\/wp\/v2\/types\/product"}],"replies":[{"embeddable":true,"href":"https:\/\/gazebo-ist.com\/en\/wp-json\/wp\/v2\/comments?post=591"}],"wp:attachment":[{"href":"https:\/\/gazebo-ist.com\/en\/wp-json\/wp\/v2\/media?parent=591"}],"wp:term":[{"taxonomy":"product_brand","embeddable":true,"href":"https:\/\/gazebo-ist.com\/en\/wp-json\/wp\/v2\/product_brand?post=591"},{"taxonomy":"product_cat","embeddable":true,"href":"https:\/\/gazebo-ist.com\/en\/wp-json\/wp\/v2\/product_cat?post=591"},{"taxonomy":"product_tag","embeddable":true,"href":"https:\/\/gazebo-ist.com\/en\/wp-json\/wp\/v2\/product_tag?post=591"}],"curies":[{"name":"wp","href":"https:\/\/api.w.org\/{rel}","templated":true}]}}