{"id":562,"date":"2025-07-21T13:33:50","date_gmt":"2025-07-21T13:33:50","guid":{"rendered":"https:\/\/gazebo-ist.com\/?post_type=product&#038;p=562"},"modified":"2026-04-10T17:04:30","modified_gmt":"2026-04-10T17:04:30","slug":"dlc-cabernet-merlot","status":"publish","type":"product","link":"https:\/\/gazebo-ist.com\/en\/product\/dlc-cabernet-merlot\/","title":{"rendered":"DLC Cabernet Merlot"},"content":{"rendered":"<p>KADEH 700 Trakya\/T\u00fcrkiye<br \/>\nFruity And Balanced, Tannin Soft Drink<\/p>","protected":false},"excerpt":{"rendered":"<p>KADEH 700 Trakya\/T\u00fcrkiye Meyvemsi Ve Dengeli, Tanen Yumu\u015fak \u0130\u00e7im<\/p>","protected":false},"featured_media":0,"comment_status":"open","ping_status":"closed","template":"","meta":{"_acf_changed":false,"hide_page_title":""},"product_brand":[],"product_cat":[51],"product_tag":[],"class_list":{"0":"post-562","1":"product","2":"type-product","3":"status-publish","5":"product_cat-kirmizi-saraplar","7":"first","8":"instock","9":"shipping-taxable","10":"purchasable","11":"product-type-simple"},"acf":[],"_links":{"self":[{"href":"https:\/\/gazebo-ist.com\/en\/wp-json\/wp\/v2\/product\/562","targetHints":{"allow":["GET"]}}],"collection":[{"href":"https:\/\/gazebo-ist.com\/en\/wp-json\/wp\/v2\/product"}],"about":[{"href":"https:\/\/gazebo-ist.com\/en\/wp-json\/wp\/v2\/types\/product"}],"replies":[{"embeddable":true,"href":"https:\/\/gazebo-ist.com\/en\/wp-json\/wp\/v2\/comments?post=562"}],"wp:attachment":[{"href":"https:\/\/gazebo-ist.com\/en\/wp-json\/wp\/v2\/media?parent=562"}],"wp:term":[{"taxonomy":"product_brand","embeddable":true,"href":"https:\/\/gazebo-ist.com\/en\/wp-json\/wp\/v2\/product_brand?post=562"},{"taxonomy":"product_cat","embeddable":true,"href":"https:\/\/gazebo-ist.com\/en\/wp-json\/wp\/v2\/product_cat?post=562"},{"taxonomy":"product_tag","embeddable":true,"href":"https:\/\/gazebo-ist.com\/en\/wp-json\/wp\/v2\/product_tag?post=562"}],"curies":[{"name":"wp","href":"https:\/\/api.w.org\/{rel}","templated":true}]}}