{"id":558,"date":"2025-07-21T13:32:46","date_gmt":"2025-07-21T13:32:46","guid":{"rendered":"https:\/\/gazebo-ist.com\/?post_type=product&#038;p=558"},"modified":"2026-04-11T10:19:31","modified_gmt":"2026-04-11T10:19:31","slug":"dlc-sauvignon-blanc","status":"publish","type":"product","link":"https:\/\/gazebo-ist.com\/en\/product\/dlc-sauvignon-blanc\/","title":{"rendered":"DLC Sauvignon Blanc"},"content":{"rendered":"<p>KADEH | 700 Trakya \/ T\u00fcrkiye<br \/>\nYe\u015fil Elma, Y\u00fcksek Asidite &amp; Ferah \u0130\u00e7im <\/p>","protected":false},"excerpt":{"rendered":"<p>KADEH | 700 Trakya \/ T\u00fcrkiye Ye\u015fil Elma, Y\u00fcksek Asidite &amp; Ferah \u0130\u00e7im<\/p>","protected":false},"featured_media":0,"comment_status":"open","ping_status":"closed","template":"","meta":{"_acf_changed":false,"hide_page_title":""},"product_brand":[],"product_cat":[50],"product_tag":[],"class_list":{"0":"post-558","1":"product","2":"type-product","3":"status-publish","5":"product_cat-beyaz-saraplar","7":"first","8":"instock","9":"shipping-taxable","10":"purchasable","11":"product-type-simple"},"acf":[],"_links":{"self":[{"href":"https:\/\/gazebo-ist.com\/en\/wp-json\/wp\/v2\/product\/558","targetHints":{"allow":["GET"]}}],"collection":[{"href":"https:\/\/gazebo-ist.com\/en\/wp-json\/wp\/v2\/product"}],"about":[{"href":"https:\/\/gazebo-ist.com\/en\/wp-json\/wp\/v2\/types\/product"}],"replies":[{"embeddable":true,"href":"https:\/\/gazebo-ist.com\/en\/wp-json\/wp\/v2\/comments?post=558"}],"wp:attachment":[{"href":"https:\/\/gazebo-ist.com\/en\/wp-json\/wp\/v2\/media?parent=558"}],"wp:term":[{"taxonomy":"product_brand","embeddable":true,"href":"https:\/\/gazebo-ist.com\/en\/wp-json\/wp\/v2\/product_brand?post=558"},{"taxonomy":"product_cat","embeddable":true,"href":"https:\/\/gazebo-ist.com\/en\/wp-json\/wp\/v2\/product_cat?post=558"},{"taxonomy":"product_tag","embeddable":true,"href":"https:\/\/gazebo-ist.com\/en\/wp-json\/wp\/v2\/product_tag?post=558"}],"curies":[{"name":"wp","href":"https:\/\/api.w.org\/{rel}","templated":true}]}}