{"id":553,"date":"2025-07-21T13:32:11","date_gmt":"2025-07-21T13:32:11","guid":{"rendered":"https:\/\/gazebo-ist.com\/?post_type=product&#038;p=553"},"modified":"2026-02-10T23:18:26","modified_gmt":"2026-02-10T23:18:26","slug":"dlc-okuzgozu","status":"publish","type":"product","link":"https:\/\/gazebo-ist.com\/en\/product\/dlc-okuzgozu\/","title":{"rendered":"DLC \u00d6k\u00fczg\u00f6z\u00fc"},"content":{"rendered":"<p>KADEH 700 Do\u011fu Anadolu\/T\u00fcrkiye<br \/>\nCanl\u0131 K\u0131rm\u0131z\u0131 Kiraz &amp; Hafif Ek\u015fimsi Ferahl\u0131k<\/p>","protected":false},"excerpt":{"rendered":"<p>KADEH 700 Do\u011fu Anadolu\/T\u00fcrkiye Canl\u0131 K\u0131rm\u0131z\u0131 Kiraz &amp; Hafif Ek\u015fimsi Ferahl\u0131k<\/p>","protected":false},"featured_media":0,"comment_status":"open","ping_status":"closed","template":"","meta":{"_acf_changed":false,"hide_page_title":""},"product_brand":[],"product_cat":[51],"product_tag":[],"class_list":{"0":"post-553","1":"product","2":"type-product","3":"status-publish","5":"product_cat-kirmizi-saraplar","7":"first","8":"instock","9":"shipping-taxable","10":"purchasable","11":"product-type-simple"},"acf":[],"_links":{"self":[{"href":"https:\/\/gazebo-ist.com\/en\/wp-json\/wp\/v2\/product\/553","targetHints":{"allow":["GET"]}}],"collection":[{"href":"https:\/\/gazebo-ist.com\/en\/wp-json\/wp\/v2\/product"}],"about":[{"href":"https:\/\/gazebo-ist.com\/en\/wp-json\/wp\/v2\/types\/product"}],"replies":[{"embeddable":true,"href":"https:\/\/gazebo-ist.com\/en\/wp-json\/wp\/v2\/comments?post=553"}],"wp:attachment":[{"href":"https:\/\/gazebo-ist.com\/en\/wp-json\/wp\/v2\/media?parent=553"}],"wp:term":[{"taxonomy":"product_brand","embeddable":true,"href":"https:\/\/gazebo-ist.com\/en\/wp-json\/wp\/v2\/product_brand?post=553"},{"taxonomy":"product_cat","embeddable":true,"href":"https:\/\/gazebo-ist.com\/en\/wp-json\/wp\/v2\/product_cat?post=553"},{"taxonomy":"product_tag","embeddable":true,"href":"https:\/\/gazebo-ist.com\/en\/wp-json\/wp\/v2\/product_tag?post=553"}],"curies":[{"name":"wp","href":"https:\/\/api.w.org\/{rel}","templated":true}]}}