{"id":551,"date":"2025-07-21T13:31:39","date_gmt":"2025-07-21T13:31:39","guid":{"rendered":"https:\/\/gazebo-ist.com\/?post_type=product&#038;p=551"},"modified":"2026-04-11T10:18:16","modified_gmt":"2026-04-11T10:18:16","slug":"7-bilgeler-khilon-sauvignon-blanc","status":"publish","type":"product","link":"https:\/\/gazebo-ist.com\/en\/product\/7-bilgeler-khilon-sauvignon-blanc\/","title":{"rendered":"7 Bilgeler Khilon Sauvignon Blanc"},"content":{"rendered":"<p>KADEH 950 Denizli \/ T\u00fcrkiye<br \/>\nTropical Fruit, Grassy Freshness <\/p>","protected":false},"excerpt":{"rendered":"<p>KADEH 950 Denizli \/ T\u00fcrkiye Tropik Meyve, \u00c7imensi Ferahl\u0131k<\/p>","protected":false},"featured_media":0,"comment_status":"open","ping_status":"closed","template":"","meta":{"_acf_changed":false,"hide_page_title":""},"product_brand":[],"product_cat":[50],"product_tag":[],"class_list":{"0":"post-551","1":"product","2":"type-product","3":"status-publish","5":"product_cat-beyaz-saraplar","7":"first","8":"instock","9":"shipping-taxable","10":"purchasable","11":"product-type-simple"},"acf":[],"_links":{"self":[{"href":"https:\/\/gazebo-ist.com\/en\/wp-json\/wp\/v2\/product\/551","targetHints":{"allow":["GET"]}}],"collection":[{"href":"https:\/\/gazebo-ist.com\/en\/wp-json\/wp\/v2\/product"}],"about":[{"href":"https:\/\/gazebo-ist.com\/en\/wp-json\/wp\/v2\/types\/product"}],"replies":[{"embeddable":true,"href":"https:\/\/gazebo-ist.com\/en\/wp-json\/wp\/v2\/comments?post=551"}],"wp:attachment":[{"href":"https:\/\/gazebo-ist.com\/en\/wp-json\/wp\/v2\/media?parent=551"}],"wp:term":[{"taxonomy":"product_brand","embeddable":true,"href":"https:\/\/gazebo-ist.com\/en\/wp-json\/wp\/v2\/product_brand?post=551"},{"taxonomy":"product_cat","embeddable":true,"href":"https:\/\/gazebo-ist.com\/en\/wp-json\/wp\/v2\/product_cat?post=551"},{"taxonomy":"product_tag","embeddable":true,"href":"https:\/\/gazebo-ist.com\/en\/wp-json\/wp\/v2\/product_tag?post=551"}],"curies":[{"name":"wp","href":"https:\/\/api.w.org\/{rel}","templated":true}]}}