{"id":545,"date":"2025-07-21T13:30:41","date_gmt":"2025-07-21T13:30:41","guid":{"rendered":"https:\/\/gazebo-ist.com\/?post_type=product&#038;p=545"},"modified":"2025-12-25T17:49:05","modified_gmt":"2025-12-25T17:49:05","slug":"selection-okuzgozu-bogazkere","status":"publish","type":"product","link":"https:\/\/gazebo-ist.com\/en\/product\/selection-okuzgozu-bogazkere\/","title":{"rendered":"Selection \u00d6k\u00fczg\u00f6z\u00fc &#038; Bo\u011fazkere"},"content":{"rendered":"<div class=\"rmc-item\">\n<div class=\"rmc-description\">\n<p>Denizli \u2013 Turkey<br \/>\nKuru \u00dcz\u00fcm Kabu\u011fu Hissi &amp; G\u00fc\u00e7l\u00fc Biti\u015f <\/p>\n<\/div>\n<\/div>","protected":false},"excerpt":{"rendered":"<p>Denizli \u2013 T\u00fcrkiye Kuru \u00dcz\u00fcm Kabu\u011fu Hissi &amp; G\u00fc\u00e7l\u00fc Biti\u015f<\/p>","protected":false},"featured_media":0,"comment_status":"open","ping_status":"closed","template":"","meta":{"_acf_changed":false,"hide_page_title":""},"product_brand":[],"product_cat":[51],"product_tag":[],"class_list":{"0":"post-545","1":"product","2":"type-product","3":"status-publish","5":"product_cat-kirmizi-saraplar","7":"first","8":"instock","9":"shipping-taxable","10":"purchasable","11":"product-type-simple"},"acf":[],"_links":{"self":[{"href":"https:\/\/gazebo-ist.com\/en\/wp-json\/wp\/v2\/product\/545","targetHints":{"allow":["GET"]}}],"collection":[{"href":"https:\/\/gazebo-ist.com\/en\/wp-json\/wp\/v2\/product"}],"about":[{"href":"https:\/\/gazebo-ist.com\/en\/wp-json\/wp\/v2\/types\/product"}],"replies":[{"embeddable":true,"href":"https:\/\/gazebo-ist.com\/en\/wp-json\/wp\/v2\/comments?post=545"}],"wp:attachment":[{"href":"https:\/\/gazebo-ist.com\/en\/wp-json\/wp\/v2\/media?parent=545"}],"wp:term":[{"taxonomy":"product_brand","embeddable":true,"href":"https:\/\/gazebo-ist.com\/en\/wp-json\/wp\/v2\/product_brand?post=545"},{"taxonomy":"product_cat","embeddable":true,"href":"https:\/\/gazebo-ist.com\/en\/wp-json\/wp\/v2\/product_cat?post=545"},{"taxonomy":"product_tag","embeddable":true,"href":"https:\/\/gazebo-ist.com\/en\/wp-json\/wp\/v2\/product_tag?post=545"}],"curies":[{"name":"wp","href":"https:\/\/api.w.org\/{rel}","templated":true}]}}