{"id":540,"date":"2025-07-21T13:30:01","date_gmt":"2025-07-21T13:30:01","guid":{"rendered":"https:\/\/gazebo-ist.com\/?post_type=product&#038;p=540"},"modified":"2026-02-10T23:19:24","modified_gmt":"2026-02-10T23:19:24","slug":"dlc-shiraz","status":"publish","type":"product","link":"https:\/\/gazebo-ist.com\/en\/product\/dlc-shiraz\/","title":{"rendered":"DLC Shiraz"},"content":{"rendered":"<p>KADEH 700 Ege B\u00f6lgesi\/T\u00fcrkiye<br \/>\nSpicy Light Black Pepper Touch <\/p>","protected":false},"excerpt":{"rendered":"<p>KADEH 700 Ege B\u00f6lgesi\/T\u00fcrkiye Baharatl\u0131 Hafif Karabiber Dokunu\u015flu<\/p>","protected":false},"featured_media":0,"comment_status":"open","ping_status":"closed","template":"","meta":{"_acf_changed":false,"hide_page_title":""},"product_brand":[],"product_cat":[51],"product_tag":[],"class_list":{"0":"post-540","1":"product","2":"type-product","3":"status-publish","5":"product_cat-kirmizi-saraplar","7":"first","8":"instock","9":"shipping-taxable","10":"purchasable","11":"product-type-simple"},"acf":[],"_links":{"self":[{"href":"https:\/\/gazebo-ist.com\/en\/wp-json\/wp\/v2\/product\/540","targetHints":{"allow":["GET"]}}],"collection":[{"href":"https:\/\/gazebo-ist.com\/en\/wp-json\/wp\/v2\/product"}],"about":[{"href":"https:\/\/gazebo-ist.com\/en\/wp-json\/wp\/v2\/types\/product"}],"replies":[{"embeddable":true,"href":"https:\/\/gazebo-ist.com\/en\/wp-json\/wp\/v2\/comments?post=540"}],"wp:attachment":[{"href":"https:\/\/gazebo-ist.com\/en\/wp-json\/wp\/v2\/media?parent=540"}],"wp:term":[{"taxonomy":"product_brand","embeddable":true,"href":"https:\/\/gazebo-ist.com\/en\/wp-json\/wp\/v2\/product_brand?post=540"},{"taxonomy":"product_cat","embeddable":true,"href":"https:\/\/gazebo-ist.com\/en\/wp-json\/wp\/v2\/product_cat?post=540"},{"taxonomy":"product_tag","embeddable":true,"href":"https:\/\/gazebo-ist.com\/en\/wp-json\/wp\/v2\/product_tag?post=540"}],"curies":[{"name":"wp","href":"https:\/\/api.w.org\/{rel}","templated":true}]}}