{"id":534,"date":"2025-07-21T13:29:03","date_gmt":"2025-07-21T13:29:03","guid":{"rendered":"https:\/\/gazebo-ist.com\/?post_type=product&#038;p=534"},"modified":"2026-04-10T17:09:24","modified_gmt":"2026-04-10T17:09:24","slug":"urla-chardonnay","status":"publish","type":"product","link":"https:\/\/gazebo-ist.com\/en\/product\/urla-chardonnay\/","title":{"rendered":"Urla Chardonnay"},"content":{"rendered":"<div class=\"rmc-item\">\n<div class=\"rmc-description\">\n<p>Western Mediterranean \u2014 Turkey<br \/>\nTereya\u011f\u0131ms\u0131 Yumu\u015fak G\u00f6vde &amp; Narin Me\u015fe\n<\/p><\/div>\n<\/div>","protected":false},"excerpt":{"rendered":"<p>Bat\u0131 Akdeniz \u2013 T\u00fcrkiye Tereya\u011f\u0131ms\u0131 Yumu\u015fak G\u00f6vde &amp; Narin Me\u015fe<\/p>","protected":false},"featured_media":0,"comment_status":"open","ping_status":"closed","template":"","meta":{"_acf_changed":false,"hide_page_title":""},"product_brand":[],"product_cat":[50],"product_tag":[],"class_list":{"0":"post-534","1":"product","2":"type-product","3":"status-publish","5":"product_cat-beyaz-saraplar","7":"first","8":"instock","9":"shipping-taxable","10":"purchasable","11":"product-type-simple"},"acf":[],"_links":{"self":[{"href":"https:\/\/gazebo-ist.com\/en\/wp-json\/wp\/v2\/product\/534","targetHints":{"allow":["GET"]}}],"collection":[{"href":"https:\/\/gazebo-ist.com\/en\/wp-json\/wp\/v2\/product"}],"about":[{"href":"https:\/\/gazebo-ist.com\/en\/wp-json\/wp\/v2\/types\/product"}],"replies":[{"embeddable":true,"href":"https:\/\/gazebo-ist.com\/en\/wp-json\/wp\/v2\/comments?post=534"}],"wp:attachment":[{"href":"https:\/\/gazebo-ist.com\/en\/wp-json\/wp\/v2\/media?parent=534"}],"wp:term":[{"taxonomy":"product_brand","embeddable":true,"href":"https:\/\/gazebo-ist.com\/en\/wp-json\/wp\/v2\/product_brand?post=534"},{"taxonomy":"product_cat","embeddable":true,"href":"https:\/\/gazebo-ist.com\/en\/wp-json\/wp\/v2\/product_cat?post=534"},{"taxonomy":"product_tag","embeddable":true,"href":"https:\/\/gazebo-ist.com\/en\/wp-json\/wp\/v2\/product_tag?post=534"}],"curies":[{"name":"wp","href":"https:\/\/api.w.org\/{rel}","templated":true}]}}