{"id":525,"date":"2025-07-21T13:26:56","date_gmt":"2025-07-21T13:26:56","guid":{"rendered":"https:\/\/gazebo-ist.com\/?post_type=product&#038;p=525"},"modified":"2025-12-25T18:01:10","modified_gmt":"2025-12-25T18:01:10","slug":"sarafin-cabernet-sauvignon","status":"publish","type":"product","link":"https:\/\/gazebo-ist.com\/en\/product\/sarafin-cabernet-sauvignon\/","title":{"rendered":"Sarafin Cabernet Sauvignon"},"content":{"rendered":"<div class=\"rmc-item\">\n<div class=\"rmc-description\">\n<p>Saros Region, Turkey<br \/>\nProminent Black Plum And Licorice Root Of The Grain<\/p>\n<\/div>\n<\/div>","protected":false},"excerpt":{"rendered":"<p>Saros B\u00f6lgesi \/ T\u00fcrkiye Tanenin Belirgin Siyah Erik Ve Meyan K\u00f6k\u00fc<\/p>","protected":false},"featured_media":0,"comment_status":"open","ping_status":"closed","template":"","meta":{"_acf_changed":false,"hide_page_title":""},"product_brand":[],"product_cat":[51],"product_tag":[],"class_list":{"0":"post-525","1":"product","2":"type-product","3":"status-publish","5":"product_cat-kirmizi-saraplar","7":"first","8":"instock","9":"shipping-taxable","10":"purchasable","11":"product-type-simple"},"acf":[],"_links":{"self":[{"href":"https:\/\/gazebo-ist.com\/en\/wp-json\/wp\/v2\/product\/525","targetHints":{"allow":["GET"]}}],"collection":[{"href":"https:\/\/gazebo-ist.com\/en\/wp-json\/wp\/v2\/product"}],"about":[{"href":"https:\/\/gazebo-ist.com\/en\/wp-json\/wp\/v2\/types\/product"}],"replies":[{"embeddable":true,"href":"https:\/\/gazebo-ist.com\/en\/wp-json\/wp\/v2\/comments?post=525"}],"wp:attachment":[{"href":"https:\/\/gazebo-ist.com\/en\/wp-json\/wp\/v2\/media?parent=525"}],"wp:term":[{"taxonomy":"product_brand","embeddable":true,"href":"https:\/\/gazebo-ist.com\/en\/wp-json\/wp\/v2\/product_brand?post=525"},{"taxonomy":"product_cat","embeddable":true,"href":"https:\/\/gazebo-ist.com\/en\/wp-json\/wp\/v2\/product_cat?post=525"},{"taxonomy":"product_tag","embeddable":true,"href":"https:\/\/gazebo-ist.com\/en\/wp-json\/wp\/v2\/product_tag?post=525"}],"curies":[{"name":"wp","href":"https:\/\/api.w.org\/{rel}","templated":true}]}}