{"id":521,"date":"2025-07-21T13:24:45","date_gmt":"2025-07-21T13:24:45","guid":{"rendered":"https:\/\/gazebo-ist.com\/?post_type=product&#038;p=521"},"modified":"2026-04-21T19:52:05","modified_gmt":"2026-04-21T19:52:05","slug":"urla-nexus","status":"publish","type":"product","link":"https:\/\/gazebo-ist.com\/en\/product\/urla-nexus\/","title":{"rendered":"Urla Nexus"},"content":{"rendered":"<div class=\"rmc-item\">\n<div class=\"rmc-description\">\n<p>Urla\/Turkey<br \/>\nTar\u00e7\u0131n &amp; Karabiber Dokunu\u015flu G\u00fc\u00e7l\u00fc G\u00f6vde <\/p>\n<\/div>\n<\/div>","protected":false},"excerpt":{"rendered":"<p>Urla\/T\u00fcrkiye Tar\u00e7\u0131n &amp; Karabiber Dokunu\u015flu G\u00fc\u00e7l\u00fc G\u00f6vde<\/p>","protected":false},"featured_media":0,"comment_status":"open","ping_status":"closed","template":"","meta":{"_acf_changed":false,"hide_page_title":""},"product_brand":[],"product_cat":[51],"product_tag":[],"class_list":{"0":"post-521","1":"product","2":"type-product","3":"status-publish","5":"product_cat-kirmizi-saraplar","7":"first","8":"instock","9":"shipping-taxable","10":"purchasable","11":"product-type-simple"},"acf":[],"_links":{"self":[{"href":"https:\/\/gazebo-ist.com\/en\/wp-json\/wp\/v2\/product\/521","targetHints":{"allow":["GET"]}}],"collection":[{"href":"https:\/\/gazebo-ist.com\/en\/wp-json\/wp\/v2\/product"}],"about":[{"href":"https:\/\/gazebo-ist.com\/en\/wp-json\/wp\/v2\/types\/product"}],"replies":[{"embeddable":true,"href":"https:\/\/gazebo-ist.com\/en\/wp-json\/wp\/v2\/comments?post=521"}],"wp:attachment":[{"href":"https:\/\/gazebo-ist.com\/en\/wp-json\/wp\/v2\/media?parent=521"}],"wp:term":[{"taxonomy":"product_brand","embeddable":true,"href":"https:\/\/gazebo-ist.com\/en\/wp-json\/wp\/v2\/product_brand?post=521"},{"taxonomy":"product_cat","embeddable":true,"href":"https:\/\/gazebo-ist.com\/en\/wp-json\/wp\/v2\/product_cat?post=521"},{"taxonomy":"product_tag","embeddable":true,"href":"https:\/\/gazebo-ist.com\/en\/wp-json\/wp\/v2\/product_tag?post=521"}],"curies":[{"name":"wp","href":"https:\/\/api.w.org\/{rel}","templated":true}]}}