{"id":504,"date":"2025-10-20T09:22:57","date_gmt":"2025-10-20T09:22:57","guid":{"rendered":"https:\/\/gazebo-ist.com\/?post_type=product&#038;p=504"},"modified":"2026-04-27T06:55:19","modified_gmt":"2026-04-27T06:55:19","slug":"kahvalti-tabagi","status":"publish","type":"product","link":"https:\/\/gazebo-ist.com\/en\/product\/kahvalti-tabagi\/","title":{"rendered":"Turkish Breakfast Platter"},"content":{"rendered":"<p>White cheese, aged ka\u015far cheese, string cheese, \u0130zmir tulum cheese, assorted olives, strawberry curd, tomatoes, cucumber, peppers, arugula, ajvar, strawberry jam, honey, clotted cream, fried eggs, and 5 cups of Turkish tea.<\/p>","protected":false},"excerpt":{"rendered":"<p>Beyaz Peynir, Eski Ka\u015far, Dil Peyniri, \u0130zmir Tulum Peyniri, Zeytin \u00c7e\u015fitleri, \u00c7ilekli Lor, Domates, Salatal\u0131k, Biber, Roka, Ajvar, \u00c7ilek Re\u00e7eli, Bal, Kaymak, Sahanda Yumurta, 5 Adet T\u00fcrk \u00c7ay\u0131 \u0130le<\/p>","protected":false},"featured_media":0,"comment_status":"open","ping_status":"closed","template":"","meta":{"_acf_changed":false,"hide_page_title":""},"product_brand":[],"product_cat":[42],"product_tag":[],"class_list":{"0":"post-504","1":"product","2":"type-product","3":"status-publish","5":"product_cat-kahvalti","7":"first","8":"instock","9":"shipping-taxable","10":"purchasable","11":"product-type-simple"},"acf":[],"_links":{"self":[{"href":"https:\/\/gazebo-ist.com\/en\/wp-json\/wp\/v2\/product\/504","targetHints":{"allow":["GET"]}}],"collection":[{"href":"https:\/\/gazebo-ist.com\/en\/wp-json\/wp\/v2\/product"}],"about":[{"href":"https:\/\/gazebo-ist.com\/en\/wp-json\/wp\/v2\/types\/product"}],"replies":[{"embeddable":true,"href":"https:\/\/gazebo-ist.com\/en\/wp-json\/wp\/v2\/comments?post=504"}],"wp:attachment":[{"href":"https:\/\/gazebo-ist.com\/en\/wp-json\/wp\/v2\/media?parent=504"}],"wp:term":[{"taxonomy":"product_brand","embeddable":true,"href":"https:\/\/gazebo-ist.com\/en\/wp-json\/wp\/v2\/product_brand?post=504"},{"taxonomy":"product_cat","embeddable":true,"href":"https:\/\/gazebo-ist.com\/en\/wp-json\/wp\/v2\/product_cat?post=504"},{"taxonomy":"product_tag","embeddable":true,"href":"https:\/\/gazebo-ist.com\/en\/wp-json\/wp\/v2\/product_tag?post=504"}],"curies":[{"name":"wp","href":"https:\/\/api.w.org\/{rel}","templated":true}]}}