{"id":502,"date":"2025-07-21T13:14:07","date_gmt":"2025-07-21T13:14:07","guid":{"rendered":"https:\/\/gazebo-ist.com\/?post_type=product&#038;p=502"},"modified":"2026-04-11T10:37:10","modified_gmt":"2026-04-11T10:37:10","slug":"serpme-kahvalti","status":"publish","type":"product","link":"https:\/\/gazebo-ist.com\/en\/product\/serpme-kahvalti\/","title":{"rendered":"Turkish Breakfast Spread"},"content":{"rendered":"<p>Pricing is per person.<br \/>\n<br \/>\nOn weekends, table use for breakfast is limited to 2 hours.<br \/>\n<br \/>\nOn weekends and public holidays, only serpme breakfast is served.<br \/>\n<br \/>\nBeyaz Peynir, Eski Ka\u015far, Dil Peyniri, \u0130zmir Tulum Peyniri, Portakal, Siyah \u00dcz\u00fcm, Ceviz, Bal \u0130le Tatland\u0131r\u0131lm\u0131\u015f \u00c7ilekli Lor Peyniri, Marine Zeytin \u00c7e\u015fitleri, Roka , Domates, Salatal\u0131k, Biber S\u00f6\u011f\u00fc\u015f, K\u0131rm\u0131z\u0131 Biber Ajvar, Biberli Peynir Ezmesi,  Zahterli Labne Peyniri, Sigara B\u00f6re\u011fi, Pi\u015fi, Izgara Sucuk, Izgara K\u00f6y Peyniri, Menemen, Patatesli Karamelize So\u011fanl\u0131 Omlet, Nutella, Vi\u015fne Re\u00e7eli, Portakal Re\u00e7eli, Tereya\u011f, Bal, Kaymak, Tahin &amp; Pekmez, Kire\u00e7te K\u0131t\u0131r Pancar Re\u00e7elli Yo\u011furt, Kire\u00e7te Kabak Tahin ve Susam ile. S\u0131n\u0131rs\u0131z \u00c7ay Dahildir. <\/p>","protected":false},"excerpt":{"rendered":"<p>Fiyatland\u0131rma Ki\u015fi Ba\u015f\u0131d\u0131r. Haftasonlar\u0131 Kahvalt\u0131da Masa Kullan\u0131m\u0131 2 Saat \u0130le S\u0131n\u0131rl\u0131d\u0131r. Haftasonu Ve Resmi Tatillerde Yaln\u0131zca Serpme Kahvalt\u0131 Servis Edilmektedir. Beyaz Peynir, Eski Ka\u015far, Dil Peyniri, \u0130zmir Tulum Peyniri, Portakal, Siyah \u00dcz\u00fcm, Ceviz, Bal \u0130le Tatland\u0131r\u0131lm\u0131\u015f \u00c7ilekli Lor Peyniri, Marine Zeytin \u00c7e\u015fitleri, Roka , Domates, Salatal\u0131k, Biber S\u00f6\u011f\u00fc\u015f, K\u0131rm\u0131z\u0131 Biber Ajvar, Biberli Peynir Ezmesi, Zahterli Labne Peyniri, Sigara B\u00f6re\u011fi, Pi\u015fi, Izgara Sucuk, Izgara K\u00f6y Peyniri, Menemen, Patatesli Karamelize So\u011fanl\u0131 Omlet, Nutella, Vi\u015fne Re\u00e7eli, Portakal Re\u00e7eli, Tereya\u011f, Bal, Kaymak, Tahin &amp; Pekmez, Kire\u00e7te K\u0131t\u0131r Pancar Re\u00e7elli Yo\u011furt, Kire\u00e7te Kabak Tahin ve Susam ile. S\u0131n\u0131rs\u0131z \u00c7ay Dahildir.<\/p>","protected":false},"featured_media":0,"comment_status":"open","ping_status":"closed","template":"","meta":{"_acf_changed":false,"hide_page_title":""},"product_brand":[],"product_cat":[42],"product_tag":[],"class_list":{"0":"post-502","1":"product","2":"type-product","3":"status-publish","5":"product_cat-kahvalti","7":"first","8":"instock","9":"shipping-taxable","10":"purchasable","11":"product-type-simple"},"acf":[],"_links":{"self":[{"href":"https:\/\/gazebo-ist.com\/en\/wp-json\/wp\/v2\/product\/502","targetHints":{"allow":["GET"]}}],"collection":[{"href":"https:\/\/gazebo-ist.com\/en\/wp-json\/wp\/v2\/product"}],"about":[{"href":"https:\/\/gazebo-ist.com\/en\/wp-json\/wp\/v2\/types\/product"}],"replies":[{"embeddable":true,"href":"https:\/\/gazebo-ist.com\/en\/wp-json\/wp\/v2\/comments?post=502"}],"wp:attachment":[{"href":"https:\/\/gazebo-ist.com\/en\/wp-json\/wp\/v2\/media?parent=502"}],"wp:term":[{"taxonomy":"product_brand","embeddable":true,"href":"https:\/\/gazebo-ist.com\/en\/wp-json\/wp\/v2\/product_brand?post=502"},{"taxonomy":"product_cat","embeddable":true,"href":"https:\/\/gazebo-ist.com\/en\/wp-json\/wp\/v2\/product_cat?post=502"},{"taxonomy":"product_tag","embeddable":true,"href":"https:\/\/gazebo-ist.com\/en\/wp-json\/wp\/v2\/product_tag?post=502"}],"curies":[{"name":"wp","href":"https:\/\/api.w.org\/{rel}","templated":true}]}}