{"id":2356,"date":"2025-12-01T10:13:29","date_gmt":"2025-12-01T10:13:29","guid":{"rendered":"https:\/\/gazebo-ist.com\/?post_type=product&#038;p=2356"},"modified":"2026-04-27T06:53:13","modified_gmt":"2026-04-27T06:53:13","slug":"8li-recellik","status":"publish","type":"product","link":"https:\/\/gazebo-ist.com\/en\/product\/8li-recellik\/","title":{"rendered":"8\u2019li Re\u00e7ellik"},"content":{"rendered":"<p>Ajvar, Tereya\u011f, Bal, Kaymak, Nutella, Vi\u015fne Re\u00e7eli, Tahin &amp; Pekmez, Zahterli Labne<\/p>","protected":false},"excerpt":{"rendered":"<p>Ajvar, Tereya\u011f, Bal, Kaymak, Nutella, Vi\u015fne Re\u00e7eli, Tahin &amp; Pekmez, Zahterli Labne<\/p>","protected":false},"featured_media":0,"comment_status":"open","ping_status":"closed","template":"","meta":{"_acf_changed":false,"hide_page_title":""},"product_brand":[],"product_cat":[42],"product_tag":[],"class_list":{"0":"post-2356","1":"product","2":"type-product","3":"status-publish","5":"product_cat-kahvalti","7":"first","8":"instock","9":"shipping-taxable","10":"purchasable","11":"product-type-simple"},"acf":[],"_links":{"self":[{"href":"https:\/\/gazebo-ist.com\/en\/wp-json\/wp\/v2\/product\/2356","targetHints":{"allow":["GET"]}}],"collection":[{"href":"https:\/\/gazebo-ist.com\/en\/wp-json\/wp\/v2\/product"}],"about":[{"href":"https:\/\/gazebo-ist.com\/en\/wp-json\/wp\/v2\/types\/product"}],"replies":[{"embeddable":true,"href":"https:\/\/gazebo-ist.com\/en\/wp-json\/wp\/v2\/comments?post=2356"}],"wp:attachment":[{"href":"https:\/\/gazebo-ist.com\/en\/wp-json\/wp\/v2\/media?parent=2356"}],"wp:term":[{"taxonomy":"product_brand","embeddable":true,"href":"https:\/\/gazebo-ist.com\/en\/wp-json\/wp\/v2\/product_brand?post=2356"},{"taxonomy":"product_cat","embeddable":true,"href":"https:\/\/gazebo-ist.com\/en\/wp-json\/wp\/v2\/product_cat?post=2356"},{"taxonomy":"product_tag","embeddable":true,"href":"https:\/\/gazebo-ist.com\/en\/wp-json\/wp\/v2\/product_tag?post=2356"}],"curies":[{"name":"wp","href":"https:\/\/api.w.org\/{rel}","templated":true}]}}