{"id":2354,"date":"2025-12-01T10:12:10","date_gmt":"2025-12-01T10:12:10","guid":{"rendered":"https:\/\/gazebo-ist.com\/?post_type=product&#038;p=2354"},"modified":"2026-04-27T06:53:37","modified_gmt":"2026-04-27T06:53:37","slug":"mini-peynir-tabagi-kucuk-ahsap","status":"publish","type":"product","link":"https:\/\/gazebo-ist.com\/en\/product\/mini-peynir-tabagi-kucuk-ahsap\/","title":{"rendered":"Mini Peynir Taba\u011f\u0131"},"content":{"rendered":"<p>Beyaz Peynir &amp; Eski Ka\u015far &amp; Dil Peyniri \u0130le <\/p>","protected":false},"excerpt":{"rendered":"<p>Beyaz Peynir &amp; Eski Ka\u015far &amp; Dil Peyniri \u0130le<\/p>","protected":false},"featured_media":0,"comment_status":"open","ping_status":"closed","template":"","meta":{"_acf_changed":false,"hide_page_title":""},"product_brand":[],"product_cat":[42],"product_tag":[],"class_list":{"0":"post-2354","1":"product","2":"type-product","3":"status-publish","5":"product_cat-kahvalti","7":"first","8":"instock","9":"shipping-taxable","10":"purchasable","11":"product-type-simple"},"acf":[],"_links":{"self":[{"href":"https:\/\/gazebo-ist.com\/en\/wp-json\/wp\/v2\/product\/2354","targetHints":{"allow":["GET"]}}],"collection":[{"href":"https:\/\/gazebo-ist.com\/en\/wp-json\/wp\/v2\/product"}],"about":[{"href":"https:\/\/gazebo-ist.com\/en\/wp-json\/wp\/v2\/types\/product"}],"replies":[{"embeddable":true,"href":"https:\/\/gazebo-ist.com\/en\/wp-json\/wp\/v2\/comments?post=2354"}],"wp:attachment":[{"href":"https:\/\/gazebo-ist.com\/en\/wp-json\/wp\/v2\/media?parent=2354"}],"wp:term":[{"taxonomy":"product_brand","embeddable":true,"href":"https:\/\/gazebo-ist.com\/en\/wp-json\/wp\/v2\/product_brand?post=2354"},{"taxonomy":"product_cat","embeddable":true,"href":"https:\/\/gazebo-ist.com\/en\/wp-json\/wp\/v2\/product_cat?post=2354"},{"taxonomy":"product_tag","embeddable":true,"href":"https:\/\/gazebo-ist.com\/en\/wp-json\/wp\/v2\/product_tag?post=2354"}],"curies":[{"name":"wp","href":"https:\/\/api.w.org\/{rel}","templated":true}]}}