{"id":2321,"date":"2025-10-09T10:34:54","date_gmt":"2025-10-09T10:34:54","guid":{"rendered":"https:\/\/gazebo-ist.com\/?post_type=product&#038;p=2321"},"modified":"2026-04-10T17:40:02","modified_gmt":"2026-04-10T17:40:02","slug":"cerez-2","status":"publish","type":"product","link":"https:\/\/gazebo-ist.com\/en\/product\/cerez-2\/","title":{"rendered":"Relish"},"content":{"rendered":"<p>Kavrulmu\u015f Yer F\u0131st\u0131\u011f\u0131, Kavrulmu\u015f F\u0131nd\u0131k, Bamya &amp; Erik Tur\u015fusu \u0130le <\/p>","protected":false},"excerpt":{"rendered":"<p>Kavrulmu\u015f Yer F\u0131st\u0131\u011f\u0131, Kavrulmu\u015f F\u0131nd\u0131k, Bamya &amp; Erik Tur\u015fusu \u0130le<\/p>","protected":false},"featured_media":0,"comment_status":"open","ping_status":"closed","template":"","meta":{"_acf_changed":false,"hide_page_title":""},"product_brand":[],"product_cat":[86],"product_tag":[],"class_list":{"0":"post-2321","1":"product","2":"type-product","3":"status-publish","5":"product_cat-rakilar","7":"first","8":"instock","9":"shipping-taxable","10":"purchasable","11":"product-type-simple"},"acf":[],"_links":{"self":[{"href":"https:\/\/gazebo-ist.com\/en\/wp-json\/wp\/v2\/product\/2321","targetHints":{"allow":["GET"]}}],"collection":[{"href":"https:\/\/gazebo-ist.com\/en\/wp-json\/wp\/v2\/product"}],"about":[{"href":"https:\/\/gazebo-ist.com\/en\/wp-json\/wp\/v2\/types\/product"}],"replies":[{"embeddable":true,"href":"https:\/\/gazebo-ist.com\/en\/wp-json\/wp\/v2\/comments?post=2321"}],"wp:attachment":[{"href":"https:\/\/gazebo-ist.com\/en\/wp-json\/wp\/v2\/media?parent=2321"}],"wp:term":[{"taxonomy":"product_brand","embeddable":true,"href":"https:\/\/gazebo-ist.com\/en\/wp-json\/wp\/v2\/product_brand?post=2321"},{"taxonomy":"product_cat","embeddable":true,"href":"https:\/\/gazebo-ist.com\/en\/wp-json\/wp\/v2\/product_cat?post=2321"},{"taxonomy":"product_tag","embeddable":true,"href":"https:\/\/gazebo-ist.com\/en\/wp-json\/wp\/v2\/product_tag?post=2321"}],"curies":[{"name":"wp","href":"https:\/\/api.w.org\/{rel}","templated":true}]}}