{"id":1901,"date":"2025-09-07T08:36:32","date_gmt":"2025-09-07T08:36:32","guid":{"rendered":"https:\/\/gazebo-ist.com\/?post_type=product&#038;p=1901"},"modified":"2026-02-10T23:17:21","modified_gmt":"2026-02-10T23:17:21","slug":"dlc-kalecik-karasi-2","status":"publish","type":"product","link":"https:\/\/gazebo-ist.com\/en\/product\/dlc-kalecik-karasi-2\/","title":{"rendered":"DLC Kalecik Karas\u0131"},"content":{"rendered":"<p>KADEH 700 &#8211; \u0130\u00e7 Anadolu\/T\u00fcrkiye<br \/>\nTaze K\u0131rm\u0131z\u0131 Meyve &amp;  Narenciye Asiditesi <\/p>","protected":false},"excerpt":{"rendered":"<p>KADEH 700 &#8211; \u0130\u00e7 Anadolu\/T\u00fcrkiye Taze K\u0131rm\u0131z\u0131 Meyve &amp; Narenciye Asiditesi<\/p>","protected":false},"featured_media":0,"comment_status":"open","ping_status":"closed","template":"","meta":{"_acf_changed":false,"hide_page_title":""},"product_brand":[],"product_cat":[51],"product_tag":[],"class_list":{"0":"post-1901","1":"product","2":"type-product","3":"status-publish","5":"product_cat-kirmizi-saraplar","7":"first","8":"instock","9":"shipping-taxable","10":"purchasable","11":"product-type-simple"},"acf":[],"_links":{"self":[{"href":"https:\/\/gazebo-ist.com\/en\/wp-json\/wp\/v2\/product\/1901","targetHints":{"allow":["GET"]}}],"collection":[{"href":"https:\/\/gazebo-ist.com\/en\/wp-json\/wp\/v2\/product"}],"about":[{"href":"https:\/\/gazebo-ist.com\/en\/wp-json\/wp\/v2\/types\/product"}],"replies":[{"embeddable":true,"href":"https:\/\/gazebo-ist.com\/en\/wp-json\/wp\/v2\/comments?post=1901"}],"wp:attachment":[{"href":"https:\/\/gazebo-ist.com\/en\/wp-json\/wp\/v2\/media?parent=1901"}],"wp:term":[{"taxonomy":"product_brand","embeddable":true,"href":"https:\/\/gazebo-ist.com\/en\/wp-json\/wp\/v2\/product_brand?post=1901"},{"taxonomy":"product_cat","embeddable":true,"href":"https:\/\/gazebo-ist.com\/en\/wp-json\/wp\/v2\/product_cat?post=1901"},{"taxonomy":"product_tag","embeddable":true,"href":"https:\/\/gazebo-ist.com\/en\/wp-json\/wp\/v2\/product_tag?post=1901"}],"curies":[{"name":"wp","href":"https:\/\/api.w.org\/{rel}","templated":true}]}}