{"id":81,"date":"2025-07-17T15:40:21","date_gmt":"2025-07-17T15:40:21","guid":{"rendered":"https:\/\/gazebo-ist.com\/?page_id=81"},"modified":"2025-09-17T08:00:36","modified_gmt":"2025-09-17T08:00:36","slug":"hakkimizda","status":"publish","type":"page","link":"https:\/\/gazebo-ist.com\/en\/hakkimizda\/","title":{"rendered":"About Us"},"content":{"rendered":"<div data-elementor-type=\"wp-page\" data-elementor-id=\"81\" class=\"elementor elementor-81\" data-elementor-post-type=\"page\">\n\t\t\t\t<div class=\"elementor-element elementor-element-0efeca3 e-con-full e-flex wpr-particle-no wpr-jarallax-no wpr-parallax-no wpr-sticky-section-no e-con e-parent\" data-id=\"0efeca3\" data-element_type=\"container\">\n\t\t<div class=\"elementor-element elementor-element-7ca0515 e-con-full e-flex wpr-particle-no wpr-jarallax-no wpr-parallax-no wpr-sticky-section-no e-con e-child\" data-id=\"7ca0515\" data-element_type=\"container\" data-settings=\"{&quot;background_background&quot;:&quot;classic&quot;}\">\n\t\t<div class=\"elementor-element elementor-element-5aa8725 e-con-full e-flex wpr-particle-no wpr-jarallax-no wpr-parallax-no wpr-sticky-section-no e-con e-child\" data-id=\"5aa8725\" data-element_type=\"container\">\n\t\t\t\t<\/div>\n\t\t\t\t<\/div>\n\t\t\t\t<\/div>\n\t\t<div class=\"elementor-element elementor-element-f2c9c47 e-flex e-con-boxed wpr-particle-no wpr-jarallax-no wpr-parallax-no wpr-sticky-section-no e-con e-parent\" data-id=\"f2c9c47\" data-element_type=\"container\">\n\t\t\t\t\t<div class=\"e-con-inner\">\n\t\t<div class=\"elementor-element elementor-element-58185e6 e-flex e-con-boxed wpr-particle-no wpr-jarallax-no wpr-parallax-no wpr-sticky-section-no e-con e-child\" data-id=\"58185e6\" data-element_type=\"container\">\n\t\t\t\t\t<div class=\"e-con-inner\">\n\t\t\t\t<div class=\"elementor-element elementor-element-2526096 elementor-widget elementor-widget-heading\" data-id=\"2526096\" data-element_type=\"widget\" data-widget_type=\"heading.default\">\n\t\t\t\t\t<h3 class=\"elementor-heading-title elementor-size-default\">At Faruk Sezerar\u2019s waterfront mansion <br>Elegance, Reborn<\/h3>\t\t\t\t<\/div>\n\t\t\t\t\t<\/div>\n\t\t\t\t<\/div>\n\t\t<div class=\"elementor-element elementor-element-8b1c1eb e-flex e-con-boxed wpr-particle-no wpr-jarallax-no wpr-parallax-no wpr-sticky-section-no e-con e-child\" data-id=\"8b1c1eb\" data-element_type=\"container\">\n\t\t\t\t\t<div class=\"e-con-inner\">\n\t\t\t\t<div class=\"elementor-element elementor-element-5b6447c elementor-widget__width-initial elementor-widget elementor-widget-text-editor\" data-id=\"5b6447c\" data-element_type=\"widget\" data-widget_type=\"text-editor.default\">\n\t\t\t\t\t\t\t\t\t<p>Opening its doors in 2003 on the Yenik\u00f6y shoreline, at the 18th-century Burhanettin Sezerar Waterfront Mansion, <em><strong>Gazebo<\/strong><\/em>, carries the refined civil architecture of the Bosphorus into the present. Embracing the legacy of Ord. Prof. Dr. Burhanettin Sezerar\u2014one of Turkey\u2019s first electrical engineers\u2014the venue was celebrated for Neriman \u00d6z Aydo\u011fan\u2019s meticulous hospitality until 2021. Today, lovingly continued by her daughter and grandchild, and graced by its Bosphorus-facing setting, Gazebo continues to welcome guests with the same warmth. <em><strong>one of Istanbul\u2019s premier gathering places<\/strong><\/em> continues to be one of Istanbul\u2019s premier gathering places.<\/p>\t\t\t\t\t\t\t\t<\/div>\n\t\t\t\t\t<\/div>\n\t\t\t\t<\/div>\n\t\t\t\t\t<\/div>\n\t\t\t\t<\/div>\n\t\t<div class=\"elementor-element elementor-element-4ea0ea8 e-flex e-con-boxed wpr-particle-no wpr-jarallax-no wpr-parallax-no wpr-sticky-section-no e-con e-parent\" data-id=\"4ea0ea8\" data-element_type=\"container\" data-settings=\"{&quot;background_background&quot;:&quot;classic&quot;}\">\n\t\t\t\t\t<div class=\"e-con-inner\">\n\t\t<div class=\"elementor-element elementor-element-a5bcba5 e-con-full e-flex wpr-particle-no wpr-jarallax-no wpr-parallax-no wpr-sticky-section-no elementor-invisible e-con e-child\" data-id=\"a5bcba5\" data-element_type=\"container\" data-settings=\"{&quot;animation&quot;:&quot;fadeInLeft&quot;}\">\n\t\t\t\t<div class=\"elementor-element elementor-element-cc0862c elementor-widget elementor-widget-heading\" data-id=\"cc0862c\" data-element_type=\"widget\" data-widget_type=\"heading.default\">\n\t\t\t\t\t<h2 class=\"elementor-heading-title elementor-size-default\">The Quiet Elegance of the Bosphorus\n<\/h2>\t\t\t\t<\/div>\n\t\t\t\t<div class=\"elementor-element elementor-element-7b560b7 elementor-widget elementor-widget-text-editor\" data-id=\"7b560b7\" data-element_type=\"widget\" data-widget_type=\"text-editor.default\">\n\t\t\t\t\t\t\t\t\t<p>Situated on the Yenik\u00f6y shoreline, in an 18th-century waterfront mansion (yal\u0131), Gazebo is a family legacy gracefully preserved on the shores of the Istanbul Bosphorus.<\/p><p>From 2003 to 2021, Gazebo was run by Neriman \u00d6z Aydo\u011fan of Abkhaz heritage with grace, meticulous care, and the traditions of Circassian hospitality.<\/p><p>Today, this special legacy continues to be cherished by her daughter and grandchild\u2014with the same love, the same care, and the same values.<\/p><p>With a courtyard overlooking the Bosphorus, refined interiors, and a unique ambiance, Gazebo remains among Istanbul\u2019s most exclusive meeting spots.<\/p>\t\t\t\t\t\t\t\t<\/div>\n\t\t\t\t<\/div>\n\t\t<div class=\"elementor-element elementor-element-66d6b5a e-con-full e-flex wpr-particle-no wpr-jarallax-no wpr-parallax-no wpr-sticky-section-no e-con e-child\" data-id=\"66d6b5a\" data-element_type=\"container\">\n\t\t<div class=\"elementor-element elementor-element-3c74f84 e-con-full e-flex wpr-particle-no wpr-jarallax-no wpr-parallax-no wpr-sticky-section-no e-con e-child\" data-id=\"3c74f84\" data-element_type=\"container\">\n\t\t<div class=\"elementor-element elementor-element-aea49fe e-con-full e-flex wpr-particle-no wpr-jarallax-no wpr-parallax-no wpr-sticky-section-no elementor-invisible e-con e-child\" data-id=\"aea49fe\" data-element_type=\"container\" data-settings=\"{&quot;animation&quot;:&quot;fadeInUp&quot;}\">\n\t\t\t\t<div class=\"elementor-element elementor-element-9a3ff01 elementor-widget elementor-widget-image\" data-id=\"9a3ff01\" data-element_type=\"widget\" data-widget_type=\"image.default\">\n\t\t\t\t\t\t\t\t\t\t\t\t\t\t\t<img fetchpriority=\"high\" decoding=\"async\" width=\"1707\" height=\"2560\" src=\"https:\/\/gazebo-ist.com\/wp-content\/uploads\/2025\/07\/bosphorus-room-min-scaled.jpg\" class=\"attachment-full size-full wp-image-217\" alt=\"\" srcset=\"https:\/\/gazebo-ist.com\/wp-content\/uploads\/2025\/07\/bosphorus-room-min-scaled.jpg 1707w, https:\/\/gazebo-ist.com\/wp-content\/uploads\/2025\/07\/bosphorus-room-min-scaled-600x900.jpg 600w, https:\/\/gazebo-ist.com\/wp-content\/uploads\/2025\/07\/bosphorus-room-min-200x300.jpg 200w, https:\/\/gazebo-ist.com\/wp-content\/uploads\/2025\/07\/bosphorus-room-min-683x1024.jpg 683w, https:\/\/gazebo-ist.com\/wp-content\/uploads\/2025\/07\/bosphorus-room-min-768x1152.jpg 768w, https:\/\/gazebo-ist.com\/wp-content\/uploads\/2025\/07\/bosphorus-room-min-1024x1536.jpg 1024w, https:\/\/gazebo-ist.com\/wp-content\/uploads\/2025\/07\/bosphorus-room-min-1365x2048.jpg 1365w\" sizes=\"(max-width: 1707px) 100vw, 1707px\" \/>\t\t\t\t\t\t\t\t\t\t\t\t\t\t\t<\/div>\n\t\t\t\t<\/div>\n\t\t<div class=\"elementor-element elementor-element-77b50e8 e-con-full e-flex wpr-particle-no wpr-jarallax-no wpr-parallax-no wpr-sticky-section-no elementor-invisible e-con e-child\" data-id=\"77b50e8\" data-element_type=\"container\" data-settings=\"{&quot;animation&quot;:&quot;fadeInDown&quot;}\">\n\t\t\t\t<div class=\"elementor-element elementor-element-31a01fb elementor-widget elementor-widget-image\" data-id=\"31a01fb\" data-element_type=\"widget\" data-widget_type=\"image.default\">\n\t\t\t\t\t\t\t\t\t\t\t\t\t\t\t<img decoding=\"async\" width=\"1707\" height=\"2560\" src=\"https:\/\/gazebo-ist.com\/wp-content\/uploads\/2025\/07\/third-floor-min-scaled.jpg\" class=\"attachment-full size-full wp-image-227\" alt=\"\" srcset=\"https:\/\/gazebo-ist.com\/wp-content\/uploads\/2025\/07\/third-floor-min-scaled.jpg 1707w, https:\/\/gazebo-ist.com\/wp-content\/uploads\/2025\/07\/third-floor-min-scaled-600x900.jpg 600w, https:\/\/gazebo-ist.com\/wp-content\/uploads\/2025\/07\/third-floor-min-200x300.jpg 200w, https:\/\/gazebo-ist.com\/wp-content\/uploads\/2025\/07\/third-floor-min-683x1024.jpg 683w, https:\/\/gazebo-ist.com\/wp-content\/uploads\/2025\/07\/third-floor-min-768x1152.jpg 768w, https:\/\/gazebo-ist.com\/wp-content\/uploads\/2025\/07\/third-floor-min-1024x1536.jpg 1024w, https:\/\/gazebo-ist.com\/wp-content\/uploads\/2025\/07\/third-floor-min-1365x2048.jpg 1365w\" sizes=\"(max-width: 1707px) 100vw, 1707px\" \/>\t\t\t\t\t\t\t\t\t\t\t\t\t\t\t<\/div>\n\t\t\t\t<\/div>\n\t\t\t\t<\/div>\n\t\t\t\t<\/div>\n\t\t\t\t\t<\/div>\n\t\t\t\t<\/div>\n\t\t\t\t<\/div>","protected":false},"excerpt":{"rendered":"<p>Faruk Sezerar Yal\u0131s\u0131\u2019nda Yeniden Do\u011fan Zarafet Yenik\u00f6y sahilinde, 18. y\u00fczy\u0131ldan kalma Faruk Sezerar Yal\u0131s\u0131\u2019nda 2003\u2019te kap\u0131lar\u0131n\u0131 a\u00e7an Gazebo, Bo\u011fazi\u00e7i\u2019nin zarif sivil mimarisini g\u00fcn\u00fcm\u00fcze ta\u015f\u0131yor. T\u00fcrkiye\u2019nin ilk elektrik m\u00fchendislerinden Ord.\u202fProf.\u202fDr.\u202fBurhanettin Sezerar\u2019\u0131n miras\u0131n\u0131 bar\u0131nd\u0131ran bu mek\u00e2n, 2021\u2019e dek Neriman \u00d6z Aydo\u011fan\u2019\u0131n titiz misafirperverli\u011fiyle an\u0131ld\u0131. Bug\u00fcn ise k\u0131z\u0131 ve torununun ayn\u0131 sevgiyle s\u00fcrd\u00fcrd\u00fc\u011f\u00fc s\u0131cak atmosferi ve Bo\u011faz\u2019a naz\u0131r konumuyla Gazebo, \u0130stanbul\u2019un se\u00e7kin bulu\u015fma noktalar\u0131ndan biri olmaya devam ediyor. Bo\u011faz\u2019\u0131n Sessiz Zarafeti Yenik\u00f6y sahilinde, 18. y\u00fczy\u0131ldan bug\u00fcne ula\u015fan tarihi bir yal\u0131da yer alan Gazebo, \u0130stanbul Bo\u011faz\u0131\u2019n\u0131n k\u0131y\u0131s\u0131nda zarafetle ya\u015fat\u0131lan bir aile miras\u0131d\u0131r. 2003\u20132021 y\u0131llar\u0131 aras\u0131nda, Gazebo; Abhaz k\u00f6kenli Neriman \u00d6z Aydo\u011fan\u2019\u0131n zarafeti, \u00f6zeni ve geleneksel \u00c7erkes misafir a\u011f\u0131rlama anlay\u0131\u015f\u0131yla i\u015fletildi. Bug\u00fcn ise bu \u00f6zel miras, k\u0131z\u0131 ve torunu taraf\u0131ndan, ayn\u0131 sevgi, ayn\u0131 hassasiyet ve ayn\u0131 de\u011ferlerle ya\u015fat\u0131lmaya devam ediyor. Bo\u011faz\u2019a naz\u0131r avlusu, sofistike i\u00e7 mek\u00e2nlar\u0131 ve \u00f6zel atmosferiyle Gazebo, \u0130stanbul\u2019un en ayr\u0131cal\u0131kl\u0131 bulu\u015fma noktalar\u0131ndan biri olmaya devam ediyor.<\/p>","protected":false},"author":2,"featured_media":0,"parent":0,"menu_order":0,"comment_status":"closed","ping_status":"closed","template":"","meta":{"_acf_changed":false,"hide_page_title":"","footnotes":""},"class_list":["post-81","page","type-page","status-publish","hentry"],"acf":[],"_links":{"self":[{"href":"https:\/\/gazebo-ist.com\/en\/wp-json\/wp\/v2\/pages\/81","targetHints":{"allow":["GET"]}}],"collection":[{"href":"https:\/\/gazebo-ist.com\/en\/wp-json\/wp\/v2\/pages"}],"about":[{"href":"https:\/\/gazebo-ist.com\/en\/wp-json\/wp\/v2\/types\/page"}],"author":[{"embeddable":true,"href":"https:\/\/gazebo-ist.com\/en\/wp-json\/wp\/v2\/users\/2"}],"replies":[{"embeddable":true,"href":"https:\/\/gazebo-ist.com\/en\/wp-json\/wp\/v2\/comments?post=81"}],"version-history":[{"count":61,"href":"https:\/\/gazebo-ist.com\/en\/wp-json\/wp\/v2\/pages\/81\/revisions"}],"predecessor-version":[{"id":2148,"href":"https:\/\/gazebo-ist.com\/en\/wp-json\/wp\/v2\/pages\/81\/revisions\/2148"}],"wp:attachment":[{"href":"https:\/\/gazebo-ist.com\/en\/wp-json\/wp\/v2\/media?parent=81"}],"curies":[{"name":"wp","href":"https:\/\/api.w.org\/{rel}","templated":true}]}}